{"id":17736,"date":"2025-07-13T12:02:57","date_gmt":"2025-07-13T10:02:57","guid":{"rendered":"https:\/\/lardoise.unco.eu\/product\/emela-weiskraut-nach-koreanische-art\/"},"modified":"2025-07-13T12:02:57","modified_gmt":"2025-07-13T10:02:57","slug":"emela-weiskraut-nach-koreanische-art","status":"publish","type":"product","link":"https:\/\/lardoise.unco.eu\/ru\/product\/emela-weiskraut-nach-koreanische-art\/","title":{"rendered":"Emela Wei\u00dfkraut nach koreanische Art"},"content":{"rendered":"<p>Entdecken Sie den einzigartigen Geschmack unserer wei\u00dfen Kraut-Spezialit\u00e4t nach koreanischer Art! Knackig, w\u00fcrzig und perfekt als Beilage oder Snack. Ideal f\u00fcr eine gesunde Ern\u00e4hrung und vielseitig einsetzbar!<\/p>","protected":false},"excerpt":{"rendered":"<p>Entdecken Sie den einzigartigen Geschmack unserer wei\u00dfen Kraut-Spezialit\u00e4t nach koreanischer Art! Knackig, w\u00fcrzig und perfekt als Beilage oder Snack. Ideal f\u00fcr eine gesunde Ern\u00e4hrung und vielseitig einsetzbar!<\/p>","protected":false},"featured_media":0,"template":"","meta":{"_bst_post_transparent":"","_bst_post_title":"","_bst_post_layout":"","_bst_post_sidebar_id":"","_bst_post_content_style":"","_bst_post_vertical_padding":"","_bst_post_feature":"","_bst_post_feature_position":"","_bst_post_header":false,"_bst_post_footer":false},"product_brand":[],"product_cat":[195],"product_tag":[],"class_list":{"0":"post-17736","1":"product","2":"type-product","3":"status-publish","5":"product_cat-general","7":"first","8":"instock","9":"shipping-taxable","10":"purchasable","11":"product-type-simple","12":"entry","13":"content-bg","14":"loop-entry"},"_links":{"self":[{"href":"https:\/\/lardoise.unco.eu\/ru\/wp-json\/wp\/v2\/product\/17736","targetHints":{"allow":["GET"]}}],"collection":[{"href":"https:\/\/lardoise.unco.eu\/ru\/wp-json\/wp\/v2\/product"}],"about":[{"href":"https:\/\/lardoise.unco.eu\/ru\/wp-json\/wp\/v2\/types\/product"}],"version-history":[{"count":0,"href":"https:\/\/lardoise.unco.eu\/ru\/wp-json\/wp\/v2\/product\/17736\/revisions"}],"wp:attachment":[{"href":"https:\/\/lardoise.unco.eu\/ru\/wp-json\/wp\/v2\/media?parent=17736"}],"wp:term":[{"taxonomy":"product_brand","embeddable":true,"href":"https:\/\/lardoise.unco.eu\/ru\/wp-json\/wp\/v2\/product_brand?post=17736"},{"taxonomy":"product_cat","embeddable":true,"href":"https:\/\/lardoise.unco.eu\/ru\/wp-json\/wp\/v2\/product_cat?post=17736"},{"taxonomy":"product_tag","embeddable":true,"href":"https:\/\/lardoise.unco.eu\/ru\/wp-json\/wp\/v2\/product_tag?post=17736"}],"curies":[{"name":"wp","href":"https:\/\/api.w.org\/{rel}","templated":true}]}}