{"id":17731,"date":"2025-07-13T12:02:51","date_gmt":"2025-07-13T10:02:51","guid":{"rendered":"https:\/\/lardoise.unco.eu\/product\/tarta-waffelrollchen-kondensmilch\/"},"modified":"2025-07-13T12:02:51","modified_gmt":"2025-07-13T10:02:51","slug":"tarta-waffelrollchen-kondensmilch","status":"publish","type":"product","link":"https:\/\/lardoise.unco.eu\/ru\/product\/tarta-waffelrollchen-kondensmilch\/","title":{"rendered":"Tarta Waffelr\u00f6llchen Kondensmilch"},"content":{"rendered":"<p>Entdecken Sie k\u00f6stliche Waffelr\u00f6llchen mit einer feinen F\u00fcllung aus Kondensmilch. Diese zarten Leckereien sind der perfekte Snack f\u00fcr zwischendurch oder als s\u00fc\u00dfe \u00dcberraschung zu Kaffee und Tee. Genie\u00dfen Sie jeden Bissen!<\/p>","protected":false},"excerpt":{"rendered":"<p>Entdecken Sie k\u00f6stliche Waffelr\u00f6llchen mit einer feinen F\u00fcllung aus Kondensmilch. Diese zarten Leckereien sind der perfekte Snack f\u00fcr zwischendurch oder als s\u00fc\u00dfe \u00dcberraschung zu Kaffee und Tee. Genie\u00dfen Sie jeden Bissen!<\/p>","protected":false},"featured_media":0,"template":"","meta":{"_bst_post_transparent":"","_bst_post_title":"","_bst_post_layout":"","_bst_post_sidebar_id":"","_bst_post_content_style":"","_bst_post_vertical_padding":"","_bst_post_feature":"","_bst_post_feature_position":"","_bst_post_header":false,"_bst_post_footer":false},"product_brand":[],"product_cat":[195],"product_tag":[],"class_list":{"0":"post-17731","1":"product","2":"type-product","3":"status-publish","5":"product_cat-general","7":"first","8":"instock","9":"shipping-taxable","10":"purchasable","11":"product-type-simple","12":"entry","13":"content-bg","14":"loop-entry"},"_links":{"self":[{"href":"https:\/\/lardoise.unco.eu\/ru\/wp-json\/wp\/v2\/product\/17731","targetHints":{"allow":["GET"]}}],"collection":[{"href":"https:\/\/lardoise.unco.eu\/ru\/wp-json\/wp\/v2\/product"}],"about":[{"href":"https:\/\/lardoise.unco.eu\/ru\/wp-json\/wp\/v2\/types\/product"}],"version-history":[{"count":0,"href":"https:\/\/lardoise.unco.eu\/ru\/wp-json\/wp\/v2\/product\/17731\/revisions"}],"wp:attachment":[{"href":"https:\/\/lardoise.unco.eu\/ru\/wp-json\/wp\/v2\/media?parent=17731"}],"wp:term":[{"taxonomy":"product_brand","embeddable":true,"href":"https:\/\/lardoise.unco.eu\/ru\/wp-json\/wp\/v2\/product_brand?post=17731"},{"taxonomy":"product_cat","embeddable":true,"href":"https:\/\/lardoise.unco.eu\/ru\/wp-json\/wp\/v2\/product_cat?post=17731"},{"taxonomy":"product_tag","embeddable":true,"href":"https:\/\/lardoise.unco.eu\/ru\/wp-json\/wp\/v2\/product_tag?post=17731"}],"curies":[{"name":"wp","href":"https:\/\/api.w.org\/{rel}","templated":true}]}}