{"id":17717,"date":"2025-07-13T12:02:37","date_gmt":"2025-07-13T10:02:37","guid":{"rendered":"https:\/\/lardoise.unco.eu\/product\/apfel-idared\/"},"modified":"2025-07-13T12:02:37","modified_gmt":"2025-07-13T10:02:37","slug":"apfel-idared","status":"publish","type":"product","link":"https:\/\/lardoise.unco.eu\/ru\/product\/apfel-idared\/","title":{"rendered":"Apfel Idared"},"content":{"rendered":"<p>Genie\u00dfen Sie den knackigen Geschmack und die s\u00fc\u00df-s\u00e4uerliche Note dieser beliebten Apfelsorte. Ideal f\u00fcr den frischen Verzehr oder zum Backen. Perfekt f\u00fcr gesundheitsbewusste Genie\u00dfer!<\/p>","protected":false},"excerpt":{"rendered":"<p>Genie\u00dfen Sie den knackigen Geschmack und die s\u00fc\u00df-s\u00e4uerliche Note dieser beliebten Apfelsorte. Ideal f\u00fcr den frischen Verzehr oder zum Backen. Perfekt f\u00fcr gesundheitsbewusste Genie\u00dfer!<\/p>","protected":false},"featured_media":0,"template":"","meta":{"_bst_post_transparent":"","_bst_post_title":"","_bst_post_layout":"","_bst_post_sidebar_id":"","_bst_post_content_style":"","_bst_post_vertical_padding":"","_bst_post_feature":"","_bst_post_feature_position":"","_bst_post_header":false,"_bst_post_footer":false},"product_brand":[],"product_cat":[195],"product_tag":[],"class_list":{"0":"post-17717","1":"product","2":"type-product","3":"status-publish","5":"product_cat-general","7":"first","8":"instock","9":"shipping-taxable","10":"purchasable","11":"product-type-simple","12":"entry","13":"content-bg","14":"loop-entry"},"_links":{"self":[{"href":"https:\/\/lardoise.unco.eu\/ru\/wp-json\/wp\/v2\/product\/17717","targetHints":{"allow":["GET"]}}],"collection":[{"href":"https:\/\/lardoise.unco.eu\/ru\/wp-json\/wp\/v2\/product"}],"about":[{"href":"https:\/\/lardoise.unco.eu\/ru\/wp-json\/wp\/v2\/types\/product"}],"version-history":[{"count":0,"href":"https:\/\/lardoise.unco.eu\/ru\/wp-json\/wp\/v2\/product\/17717\/revisions"}],"wp:attachment":[{"href":"https:\/\/lardoise.unco.eu\/ru\/wp-json\/wp\/v2\/media?parent=17717"}],"wp:term":[{"taxonomy":"product_brand","embeddable":true,"href":"https:\/\/lardoise.unco.eu\/ru\/wp-json\/wp\/v2\/product_brand?post=17717"},{"taxonomy":"product_cat","embeddable":true,"href":"https:\/\/lardoise.unco.eu\/ru\/wp-json\/wp\/v2\/product_cat?post=17717"},{"taxonomy":"product_tag","embeddable":true,"href":"https:\/\/lardoise.unco.eu\/ru\/wp-json\/wp\/v2\/product_tag?post=17717"}],"curies":[{"name":"wp","href":"https:\/\/api.w.org\/{rel}","templated":true}]}}