{"id":17470,"date":"2025-03-11T08:25:51","date_gmt":"2025-03-11T06:25:51","guid":{"rendered":"https:\/\/lardoise.unco.eu\/?post_type=product&#038;p=17470"},"modified":"2025-03-11T08:27:53","modified_gmt":"2025-03-11T06:27:53","slug":"truffel-haselnut-and-raspberry-mit-haselnuss-und-himbeerfullung-in-geschenkverpackung-und-geschenktute-252-g-2-unco","status":"publish","type":"product","link":"https:\/\/lardoise.unco.eu\/ru\/product\/truffel-haselnut-and-raspberry-mit-haselnuss-und-himbeerfullung-in-geschenkverpackung-und-geschenktute-252-g-2-unco\/","title":{"rendered":"Tr\u00fcffel &#8220;Haselnut and Raspberry&#8221; mit Haselnuss und Himbeerf\u00fcllung in Geschenkverpackung und Geschenkt\u00fcte 252 g"},"content":{"rendered":"<p>In einer 7 Tagen<\/p>","protected":false},"excerpt":{"rendered":"<p>In einer 7 Tagen<\/p>","protected":false},"featured_media":17471,"template":"","meta":{"_bst_post_transparent":"default","_bst_post_title":"","_bst_post_layout":"default","_bst_post_sidebar_id":"","_bst_post_content_style":"default","_bst_post_vertical_padding":"default","_bst_post_feature":"","_bst_post_feature_position":"","_bst_post_header":false,"_bst_post_footer":false},"product_brand":[],"product_cat":[174],"product_tag":[],"class_list":{"0":"post-17470","1":"product","2":"type-product","3":"status-publish","4":"has-post-thumbnail","6":"product_cat-cakes-and-sweets","8":"first","9":"onbackorder","10":"shipping-taxable","11":"purchasable","12":"product-type-simple","13":"entry","14":"content-bg","15":"loop-entry"},"_links":{"self":[{"href":"https:\/\/lardoise.unco.eu\/ru\/wp-json\/wp\/v2\/product\/17470","targetHints":{"allow":["GET"]}}],"collection":[{"href":"https:\/\/lardoise.unco.eu\/ru\/wp-json\/wp\/v2\/product"}],"about":[{"href":"https:\/\/lardoise.unco.eu\/ru\/wp-json\/wp\/v2\/types\/product"}],"version-history":[{"count":1,"href":"https:\/\/lardoise.unco.eu\/ru\/wp-json\/wp\/v2\/product\/17470\/revisions"}],"predecessor-version":[{"id":17472,"href":"https:\/\/lardoise.unco.eu\/ru\/wp-json\/wp\/v2\/product\/17470\/revisions\/17472"}],"wp:featuredmedia":[{"embeddable":true,"href":"https:\/\/lardoise.unco.eu\/ru\/wp-json\/wp\/v2\/media\/17471"}],"wp:attachment":[{"href":"https:\/\/lardoise.unco.eu\/ru\/wp-json\/wp\/v2\/media?parent=17470"}],"wp:term":[{"taxonomy":"product_brand","embeddable":true,"href":"https:\/\/lardoise.unco.eu\/ru\/wp-json\/wp\/v2\/product_brand?post=17470"},{"taxonomy":"product_cat","embeddable":true,"href":"https:\/\/lardoise.unco.eu\/ru\/wp-json\/wp\/v2\/product_cat?post=17470"},{"taxonomy":"product_tag","embeddable":true,"href":"https:\/\/lardoise.unco.eu\/ru\/wp-json\/wp\/v2\/product_tag?post=17470"}],"curies":[{"name":"wp","href":"https:\/\/api.w.org\/{rel}","templated":true}]}}