{"id":16490,"date":"2025-02-05T00:58:45","date_gmt":"2025-02-05T00:58:45","guid":{"rendered":"https:\/\/lardoise.unco.eu\/?post_type=product&#038;p=16490"},"modified":"2025-02-05T00:58:46","modified_gmt":"2025-02-05T00:58:46","slug":"reispapier-fur-gefullte-rollchen-100-g","status":"publish","type":"product","link":"https:\/\/lardoise.unco.eu\/ru\/product\/reispapier-fur-gefullte-rollchen-100-g\/","title":{"rendered":"Reispapier f\u00fcr gef\u00fcllte R\u00f6llchen 100 g"},"content":{"rendered":"","protected":false},"excerpt":{"rendered":"","protected":false},"featured_media":16491,"template":"","meta":{"_bst_post_transparent":"default","_bst_post_title":"","_bst_post_layout":"default","_bst_post_sidebar_id":"","_bst_post_content_style":"default","_bst_post_vertical_padding":"default","_bst_post_feature":"","_bst_post_feature_position":"","_bst_post_header":false,"_bst_post_footer":false},"product_brand":[],"product_cat":[173,143],"product_tag":[],"class_list":{"0":"post-16490","1":"product","2":"type-product","3":"status-publish","4":"has-post-thumbnail","6":"product_cat-asian-specialities","7":"product_cat-buffet","9":"first","10":"instock","11":"shipping-taxable","12":"purchasable","13":"product-type-simple","14":"entry","15":"content-bg","16":"loop-entry"},"_links":{"self":[{"href":"https:\/\/lardoise.unco.eu\/ru\/wp-json\/wp\/v2\/product\/16490","targetHints":{"allow":["GET"]}}],"collection":[{"href":"https:\/\/lardoise.unco.eu\/ru\/wp-json\/wp\/v2\/product"}],"about":[{"href":"https:\/\/lardoise.unco.eu\/ru\/wp-json\/wp\/v2\/types\/product"}],"version-history":[{"count":1,"href":"https:\/\/lardoise.unco.eu\/ru\/wp-json\/wp\/v2\/product\/16490\/revisions"}],"predecessor-version":[{"id":16492,"href":"https:\/\/lardoise.unco.eu\/ru\/wp-json\/wp\/v2\/product\/16490\/revisions\/16492"}],"wp:featuredmedia":[{"embeddable":true,"href":"https:\/\/lardoise.unco.eu\/ru\/wp-json\/wp\/v2\/media\/16491"}],"wp:attachment":[{"href":"https:\/\/lardoise.unco.eu\/ru\/wp-json\/wp\/v2\/media?parent=16490"}],"wp:term":[{"taxonomy":"product_brand","embeddable":true,"href":"https:\/\/lardoise.unco.eu\/ru\/wp-json\/wp\/v2\/product_brand?post=16490"},{"taxonomy":"product_cat","embeddable":true,"href":"https:\/\/lardoise.unco.eu\/ru\/wp-json\/wp\/v2\/product_cat?post=16490"},{"taxonomy":"product_tag","embeddable":true,"href":"https:\/\/lardoise.unco.eu\/ru\/wp-json\/wp\/v2\/product_tag?post=16490"}],"curies":[{"name":"wp","href":"https:\/\/api.w.org\/{rel}","templated":true}]}}