{"id":16454,"date":"2025-02-05T00:04:17","date_gmt":"2025-02-05T00:04:17","guid":{"rendered":"https:\/\/lardoise.unco.eu\/?post_type=product&#038;p=16454"},"modified":"2025-02-05T00:04:17","modified_gmt":"2025-02-05T00:04:17","slug":"hefeteig-mit-kefir-zum-backen-ideal-fur-geback-mit-herzhafter-fullung-roh-nicht-sus-gefroren-1-kg","status":"publish","type":"product","link":"https:\/\/lardoise.unco.eu\/en\/product\/hefeteig-mit-kefir-zum-backen-ideal-fur-geback-mit-herzhafter-fullung-roh-nicht-sus-gefroren-1-kg\/","title":{"rendered":"Hefeteig mit Kefir, zum backen, ideal f\u00fcr Geb\u00e4ck mit herzhafter F\u00fcllung, roh, nicht s\u00fc\u00df, gefroren 1 kg"},"content":{"rendered":"","protected":false},"excerpt":{"rendered":"","protected":false},"featured_media":16455,"template":"","meta":{"_bst_post_transparent":"default","_bst_post_title":"","_bst_post_layout":"default","_bst_post_sidebar_id":"","_bst_post_content_style":"default","_bst_post_vertical_padding":"default","_bst_post_feature":"","_bst_post_feature_position":"","_bst_post_header":false,"_bst_post_footer":false},"product_brand":[],"product_cat":[176],"product_tag":[],"class_list":{"0":"post-16454","1":"product","2":"type-product","3":"status-publish","4":"has-post-thumbnail","6":"product_cat-dough-baked-goods","8":"first","9":"instock","10":"shipping-taxable","11":"purchasable","12":"product-type-simple","13":"entry","14":"content-bg","15":"loop-entry"},"_links":{"self":[{"href":"https:\/\/lardoise.unco.eu\/en\/wp-json\/wp\/v2\/product\/16454","targetHints":{"allow":["GET"]}}],"collection":[{"href":"https:\/\/lardoise.unco.eu\/en\/wp-json\/wp\/v2\/product"}],"about":[{"href":"https:\/\/lardoise.unco.eu\/en\/wp-json\/wp\/v2\/types\/product"}],"version-history":[{"count":1,"href":"https:\/\/lardoise.unco.eu\/en\/wp-json\/wp\/v2\/product\/16454\/revisions"}],"predecessor-version":[{"id":16456,"href":"https:\/\/lardoise.unco.eu\/en\/wp-json\/wp\/v2\/product\/16454\/revisions\/16456"}],"wp:featuredmedia":[{"embeddable":true,"href":"https:\/\/lardoise.unco.eu\/en\/wp-json\/wp\/v2\/media\/16455"}],"wp:attachment":[{"href":"https:\/\/lardoise.unco.eu\/en\/wp-json\/wp\/v2\/media?parent=16454"}],"wp:term":[{"taxonomy":"product_brand","embeddable":true,"href":"https:\/\/lardoise.unco.eu\/en\/wp-json\/wp\/v2\/product_brand?post=16454"},{"taxonomy":"product_cat","embeddable":true,"href":"https:\/\/lardoise.unco.eu\/en\/wp-json\/wp\/v2\/product_cat?post=16454"},{"taxonomy":"product_tag","embeddable":true,"href":"https:\/\/lardoise.unco.eu\/en\/wp-json\/wp\/v2\/product_tag?post=16454"}],"curies":[{"name":"wp","href":"https:\/\/api.w.org\/{rel}","templated":true}]}}