{"id":17729,"date":"2025-07-13T12:02:49","date_gmt":"2025-07-13T10:02:49","guid":{"rendered":"https:\/\/lardoise.unco.eu\/product\/pl-jawo-pierogi-russkie-gef-kartof-quar\/"},"modified":"2025-07-13T12:02:49","modified_gmt":"2025-07-13T10:02:49","slug":"pl-jawo-pierogi-russkie-gef-kartof-quar","status":"publish","type":"product","link":"https:\/\/lardoise.unco.eu\/de\/produkt\/pl-jawo-pierogi-russkie-gef-kartof-quar\/","title":{"rendered":"PL JAWO Pierogi Russkie gef.Kartof\/Quar"},"content":{"rendered":"<p>Genie\u00dfen Sie die k\u00f6stlichen russischen Pierogi mit einer herzhaften F\u00fcllung aus Kartoffeln und Quark. Perfekt f\u00fcr ein schnelles Mittagessen oder als herzhaftes Abendessen. Traditioneller Genuss f\u00fcr die ganze Familie!<\/p>","protected":false},"excerpt":{"rendered":"<p>Genie\u00dfen Sie die k\u00f6stlichen russischen Pierogi mit einer herzhaften F\u00fcllung aus Kartoffeln und Quark. Perfekt f\u00fcr ein schnelles Mittagessen oder als herzhaftes Abendessen. Traditioneller Genuss f\u00fcr die ganze Familie!<\/p>","protected":false},"featured_media":0,"template":"","meta":{"_bst_post_transparent":"","_bst_post_title":"","_bst_post_layout":"","_bst_post_sidebar_id":"","_bst_post_content_style":"","_bst_post_vertical_padding":"","_bst_post_feature":"","_bst_post_feature_position":"","_bst_post_header":false,"_bst_post_footer":false},"product_brand":[],"product_cat":[195],"product_tag":[],"class_list":{"0":"post-17729","1":"product","2":"type-product","3":"status-publish","5":"product_cat-general","7":"first","8":"instock","9":"shipping-taxable","10":"purchasable","11":"product-type-simple","12":"entry","13":"content-bg","14":"loop-entry"},"_links":{"self":[{"href":"https:\/\/lardoise.unco.eu\/de\/wp-json\/wp\/v2\/product\/17729","targetHints":{"allow":["GET"]}}],"collection":[{"href":"https:\/\/lardoise.unco.eu\/de\/wp-json\/wp\/v2\/product"}],"about":[{"href":"https:\/\/lardoise.unco.eu\/de\/wp-json\/wp\/v2\/types\/product"}],"version-history":[{"count":0,"href":"https:\/\/lardoise.unco.eu\/de\/wp-json\/wp\/v2\/product\/17729\/revisions"}],"wp:attachment":[{"href":"https:\/\/lardoise.unco.eu\/de\/wp-json\/wp\/v2\/media?parent=17729"}],"wp:term":[{"taxonomy":"product_brand","embeddable":true,"href":"https:\/\/lardoise.unco.eu\/de\/wp-json\/wp\/v2\/product_brand?post=17729"},{"taxonomy":"product_cat","embeddable":true,"href":"https:\/\/lardoise.unco.eu\/de\/wp-json\/wp\/v2\/product_cat?post=17729"},{"taxonomy":"product_tag","embeddable":true,"href":"https:\/\/lardoise.unco.eu\/de\/wp-json\/wp\/v2\/product_tag?post=17729"}],"curies":[{"name":"wp","href":"https:\/\/api.w.org\/{rel}","templated":true}]}}