{"id":17724,"date":"2025-07-13T12:02:44","date_gmt":"2025-07-13T10:02:44","guid":{"rendered":"https:\/\/lardoise.unco.eu\/product\/sb-krabbenstaebchen-surimi\/"},"modified":"2025-07-13T12:02:44","modified_gmt":"2025-07-13T10:02:44","slug":"sb-krabbenstaebchen-surimi","status":"publish","type":"product","link":"https:\/\/lardoise.unco.eu\/de\/produkt\/sb-krabbenstaebchen-surimi\/","title":{"rendered":"SB Krabbenstaebchen\/Surimi"},"content":{"rendered":"<p>Genie\u00dfen Sie den k\u00f6stlichen Geschmack von zarten Krabbenst\u00e4bchen aus hochwertigem Surimi. Perfekt als Snack oder Beilage, eignen sie sich ideal f\u00fcr Salate, Sushi oder einfach zum Dippen. Lecker und vielseitig!<\/p>","protected":false},"excerpt":{"rendered":"<p>Genie\u00dfen Sie den k\u00f6stlichen Geschmack von zarten Krabbenst\u00e4bchen aus hochwertigem Surimi. Perfekt als Snack oder Beilage, eignen sie sich ideal f\u00fcr Salate, Sushi oder einfach zum Dippen. Lecker und vielseitig!<\/p>","protected":false},"featured_media":0,"template":"","meta":{"_bst_post_transparent":"","_bst_post_title":"","_bst_post_layout":"","_bst_post_sidebar_id":"","_bst_post_content_style":"","_bst_post_vertical_padding":"","_bst_post_feature":"","_bst_post_feature_position":"","_bst_post_header":false,"_bst_post_footer":false},"product_brand":[],"product_cat":[195],"product_tag":[],"class_list":{"0":"post-17724","1":"product","2":"type-product","3":"status-publish","5":"product_cat-general","7":"first","8":"instock","9":"shipping-taxable","10":"purchasable","11":"product-type-simple","12":"entry","13":"content-bg","14":"loop-entry"},"_links":{"self":[{"href":"https:\/\/lardoise.unco.eu\/de\/wp-json\/wp\/v2\/product\/17724","targetHints":{"allow":["GET"]}}],"collection":[{"href":"https:\/\/lardoise.unco.eu\/de\/wp-json\/wp\/v2\/product"}],"about":[{"href":"https:\/\/lardoise.unco.eu\/de\/wp-json\/wp\/v2\/types\/product"}],"version-history":[{"count":0,"href":"https:\/\/lardoise.unco.eu\/de\/wp-json\/wp\/v2\/product\/17724\/revisions"}],"wp:attachment":[{"href":"https:\/\/lardoise.unco.eu\/de\/wp-json\/wp\/v2\/media?parent=17724"}],"wp:term":[{"taxonomy":"product_brand","embeddable":true,"href":"https:\/\/lardoise.unco.eu\/de\/wp-json\/wp\/v2\/product_brand?post=17724"},{"taxonomy":"product_cat","embeddable":true,"href":"https:\/\/lardoise.unco.eu\/de\/wp-json\/wp\/v2\/product_cat?post=17724"},{"taxonomy":"product_tag","embeddable":true,"href":"https:\/\/lardoise.unco.eu\/de\/wp-json\/wp\/v2\/product_tag?post=17724"}],"curies":[{"name":"wp","href":"https:\/\/api.w.org\/{rel}","templated":true}]}}