{"id":17719,"date":"2025-07-13T12:02:39","date_gmt":"2025-07-13T10:02:39","guid":{"rendered":"https:\/\/lardoise.unco.eu\/product\/pl-apfel-red-prince\/"},"modified":"2025-07-13T12:02:39","modified_gmt":"2025-07-13T10:02:39","slug":"pl-apfel-red-prince","status":"publish","type":"product","link":"https:\/\/lardoise.unco.eu\/de\/produkt\/pl-apfel-red-prince\/","title":{"rendered":"PL Apfel Red Prince"},"content":{"rendered":"<p>Genie\u00dfen Sie den k\u00f6stlichen Geschmack des roten Prince Apfels. Seine knackige Textur und die s\u00fc\u00dfe, saftige Note machen ihn zum idealen Snack. Perfekt f\u00fcr den frischen Verzehr oder als gesunde Zutat!<\/p>","protected":false},"excerpt":{"rendered":"<p>Genie\u00dfen Sie den k\u00f6stlichen Geschmack des roten Prince Apfels. Seine knackige Textur und die s\u00fc\u00dfe, saftige Note machen ihn zum idealen Snack. Perfekt f\u00fcr den frischen Verzehr oder als gesunde Zutat!<\/p>","protected":false},"featured_media":0,"template":"","meta":{"_bst_post_transparent":"","_bst_post_title":"","_bst_post_layout":"","_bst_post_sidebar_id":"","_bst_post_content_style":"","_bst_post_vertical_padding":"","_bst_post_feature":"","_bst_post_feature_position":"","_bst_post_header":false,"_bst_post_footer":false},"product_brand":[],"product_cat":[195],"product_tag":[],"class_list":{"0":"post-17719","1":"product","2":"type-product","3":"status-publish","5":"product_cat-general","7":"first","8":"instock","9":"shipping-taxable","10":"purchasable","11":"product-type-simple","12":"entry","13":"content-bg","14":"loop-entry"},"_links":{"self":[{"href":"https:\/\/lardoise.unco.eu\/de\/wp-json\/wp\/v2\/product\/17719","targetHints":{"allow":["GET"]}}],"collection":[{"href":"https:\/\/lardoise.unco.eu\/de\/wp-json\/wp\/v2\/product"}],"about":[{"href":"https:\/\/lardoise.unco.eu\/de\/wp-json\/wp\/v2\/types\/product"}],"version-history":[{"count":0,"href":"https:\/\/lardoise.unco.eu\/de\/wp-json\/wp\/v2\/product\/17719\/revisions"}],"wp:attachment":[{"href":"https:\/\/lardoise.unco.eu\/de\/wp-json\/wp\/v2\/media?parent=17719"}],"wp:term":[{"taxonomy":"product_brand","embeddable":true,"href":"https:\/\/lardoise.unco.eu\/de\/wp-json\/wp\/v2\/product_brand?post=17719"},{"taxonomy":"product_cat","embeddable":true,"href":"https:\/\/lardoise.unco.eu\/de\/wp-json\/wp\/v2\/product_cat?post=17719"},{"taxonomy":"product_tag","embeddable":true,"href":"https:\/\/lardoise.unco.eu\/de\/wp-json\/wp\/v2\/product_tag?post=17719"}],"curies":[{"name":"wp","href":"https:\/\/api.w.org\/{rel}","templated":true}]}}