{"id":17716,"date":"2025-07-13T12:02:36","date_gmt":"2025-07-13T10:02:36","guid":{"rendered":"https:\/\/lardoise.unco.eu\/product\/apfel-golden-delicius\/"},"modified":"2025-07-13T12:02:36","modified_gmt":"2025-07-13T10:02:36","slug":"apfel-golden-delicius","status":"publish","type":"product","link":"https:\/\/lardoise.unco.eu\/de\/produkt\/apfel-golden-delicius\/","title":{"rendered":"Apfel Golden Delicius"},"content":{"rendered":"<p>Entdecken Sie den s\u00fc\u00dfen Genuss dieser knackigen \u00c4pfel! Mit ihrem goldenen Schimmer und saftigen Fleisch sind sie perfekt f\u00fcr Snacks, Salate oder Desserts. Ein Geschmack, der Freude bereitet!<\/p>","protected":false},"excerpt":{"rendered":"<p>Entdecken Sie den s\u00fc\u00dfen Genuss dieser knackigen \u00c4pfel! Mit ihrem goldenen Schimmer und saftigen Fleisch sind sie perfekt f\u00fcr Snacks, Salate oder Desserts. Ein Geschmack, der Freude bereitet!<\/p>","protected":false},"featured_media":0,"template":"","meta":{"_bst_post_transparent":"","_bst_post_title":"","_bst_post_layout":"","_bst_post_sidebar_id":"","_bst_post_content_style":"","_bst_post_vertical_padding":"","_bst_post_feature":"","_bst_post_feature_position":"","_bst_post_header":false,"_bst_post_footer":false},"product_brand":[],"product_cat":[195],"product_tag":[],"class_list":{"0":"post-17716","1":"product","2":"type-product","3":"status-publish","5":"product_cat-general","7":"first","8":"instock","9":"shipping-taxable","10":"purchasable","11":"product-type-simple","12":"entry","13":"content-bg","14":"loop-entry"},"_links":{"self":[{"href":"https:\/\/lardoise.unco.eu\/de\/wp-json\/wp\/v2\/product\/17716","targetHints":{"allow":["GET"]}}],"collection":[{"href":"https:\/\/lardoise.unco.eu\/de\/wp-json\/wp\/v2\/product"}],"about":[{"href":"https:\/\/lardoise.unco.eu\/de\/wp-json\/wp\/v2\/types\/product"}],"version-history":[{"count":0,"href":"https:\/\/lardoise.unco.eu\/de\/wp-json\/wp\/v2\/product\/17716\/revisions"}],"wp:attachment":[{"href":"https:\/\/lardoise.unco.eu\/de\/wp-json\/wp\/v2\/media?parent=17716"}],"wp:term":[{"taxonomy":"product_brand","embeddable":true,"href":"https:\/\/lardoise.unco.eu\/de\/wp-json\/wp\/v2\/product_brand?post=17716"},{"taxonomy":"product_cat","embeddable":true,"href":"https:\/\/lardoise.unco.eu\/de\/wp-json\/wp\/v2\/product_cat?post=17716"},{"taxonomy":"product_tag","embeddable":true,"href":"https:\/\/lardoise.unco.eu\/de\/wp-json\/wp\/v2\/product_tag?post=17716"}],"curies":[{"name":"wp","href":"https:\/\/api.w.org\/{rel}","templated":true}]}}