{"id":17482,"date":"2025-03-11T08:34:36","date_gmt":"2025-03-11T06:34:36","guid":{"rendered":"https:\/\/lardoise.unco.eu\/?post_type=product&#038;p=17482"},"modified":"2025-03-11T08:36:18","modified_gmt":"2025-03-11T06:36:18","slug":"brandteiggeback-mit-32-frischkasefullung-250-g-2-unco","status":"publish","type":"product","link":"https:\/\/lardoise.unco.eu\/de\/produkt\/brandteiggeback-mit-32-frischkasefullung-250-g-2-unco\/","title":{"rendered":"Brandteiggeb\u00e4ck mit 32% Frischk\u00e4sef\u00fcllung 250 g"},"content":{"rendered":"<p>In einer 7 Tagen<\/p>","protected":false},"excerpt":{"rendered":"<p>In einer 7 Tagen<\/p>","protected":false},"featured_media":17483,"template":"","meta":{"_bst_post_transparent":"default","_bst_post_title":"","_bst_post_layout":"default","_bst_post_sidebar_id":"","_bst_post_content_style":"default","_bst_post_vertical_padding":"default","_bst_post_feature":"","_bst_post_feature_position":"","_bst_post_header":false,"_bst_post_footer":false},"product_brand":[],"product_cat":[174],"product_tag":[],"class_list":{"0":"post-17482","1":"product","2":"type-product","3":"status-publish","4":"has-post-thumbnail","6":"product_cat-cakes-and-sweets","8":"first","9":"onbackorder","10":"shipping-taxable","11":"purchasable","12":"product-type-simple","13":"entry","14":"content-bg","15":"loop-entry"},"_links":{"self":[{"href":"https:\/\/lardoise.unco.eu\/de\/wp-json\/wp\/v2\/product\/17482","targetHints":{"allow":["GET"]}}],"collection":[{"href":"https:\/\/lardoise.unco.eu\/de\/wp-json\/wp\/v2\/product"}],"about":[{"href":"https:\/\/lardoise.unco.eu\/de\/wp-json\/wp\/v2\/types\/product"}],"version-history":[{"count":1,"href":"https:\/\/lardoise.unco.eu\/de\/wp-json\/wp\/v2\/product\/17482\/revisions"}],"predecessor-version":[{"id":17484,"href":"https:\/\/lardoise.unco.eu\/de\/wp-json\/wp\/v2\/product\/17482\/revisions\/17484"}],"wp:featuredmedia":[{"embeddable":true,"href":"https:\/\/lardoise.unco.eu\/de\/wp-json\/wp\/v2\/media\/17483"}],"wp:attachment":[{"href":"https:\/\/lardoise.unco.eu\/de\/wp-json\/wp\/v2\/media?parent=17482"}],"wp:term":[{"taxonomy":"product_brand","embeddable":true,"href":"https:\/\/lardoise.unco.eu\/de\/wp-json\/wp\/v2\/product_brand?post=17482"},{"taxonomy":"product_cat","embeddable":true,"href":"https:\/\/lardoise.unco.eu\/de\/wp-json\/wp\/v2\/product_cat?post=17482"},{"taxonomy":"product_tag","embeddable":true,"href":"https:\/\/lardoise.unco.eu\/de\/wp-json\/wp\/v2\/product_tag?post=17482"}],"curies":[{"name":"wp","href":"https:\/\/api.w.org\/{rel}","templated":true}]}}