{"id":16523,"date":"2025-02-05T02:04:44","date_gmt":"2025-02-05T02:04:44","guid":{"rendered":"https:\/\/lardoise.unco.eu\/?post_type=product&#038;p=16523"},"modified":"2025-02-05T02:04:44","modified_gmt":"2025-02-05T02:04:44","slug":"cremige-susware-korbchen-tiefgefroren-140-g","status":"publish","type":"product","link":"https:\/\/lardoise.unco.eu\/de\/produkt\/cremige-susware-korbchen-tiefgefroren-140-g\/","title":{"rendered":"Cremige S\u00fc\u00dfware K\u00f6rbchen tiefgefroren 140 g"},"content":{"rendered":"","protected":false},"excerpt":{"rendered":"","protected":false},"featured_media":16524,"template":"","meta":{"_bst_post_transparent":"default","_bst_post_title":"","_bst_post_layout":"default","_bst_post_sidebar_id":"","_bst_post_content_style":"default","_bst_post_vertical_padding":"default","_bst_post_feature":"","_bst_post_feature_position":"","_bst_post_header":false,"_bst_post_footer":false},"product_brand":[],"product_cat":[174],"product_tag":[],"class_list":{"0":"post-16523","1":"product","2":"type-product","3":"status-publish","4":"has-post-thumbnail","6":"product_cat-cakes-and-sweets","8":"first","9":"instock","10":"shipping-taxable","11":"purchasable","12":"product-type-simple","13":"entry","14":"content-bg","15":"loop-entry"},"_links":{"self":[{"href":"https:\/\/lardoise.unco.eu\/de\/wp-json\/wp\/v2\/product\/16523","targetHints":{"allow":["GET"]}}],"collection":[{"href":"https:\/\/lardoise.unco.eu\/de\/wp-json\/wp\/v2\/product"}],"about":[{"href":"https:\/\/lardoise.unco.eu\/de\/wp-json\/wp\/v2\/types\/product"}],"version-history":[{"count":1,"href":"https:\/\/lardoise.unco.eu\/de\/wp-json\/wp\/v2\/product\/16523\/revisions"}],"predecessor-version":[{"id":16525,"href":"https:\/\/lardoise.unco.eu\/de\/wp-json\/wp\/v2\/product\/16523\/revisions\/16525"}],"wp:featuredmedia":[{"embeddable":true,"href":"https:\/\/lardoise.unco.eu\/de\/wp-json\/wp\/v2\/media\/16524"}],"wp:attachment":[{"href":"https:\/\/lardoise.unco.eu\/de\/wp-json\/wp\/v2\/media?parent=16523"}],"wp:term":[{"taxonomy":"product_brand","embeddable":true,"href":"https:\/\/lardoise.unco.eu\/de\/wp-json\/wp\/v2\/product_brand?post=16523"},{"taxonomy":"product_cat","embeddable":true,"href":"https:\/\/lardoise.unco.eu\/de\/wp-json\/wp\/v2\/product_cat?post=16523"},{"taxonomy":"product_tag","embeddable":true,"href":"https:\/\/lardoise.unco.eu\/de\/wp-json\/wp\/v2\/product_tag?post=16523"}],"curies":[{"name":"wp","href":"https:\/\/api.w.org\/{rel}","templated":true}]}}